{"id":3,"date":"2020-04-30T02:35:05","date_gmt":"2020-04-30T02:35:05","guid":{"rendered":"https:\/\/katiamarabuco.com.br\/consultaonline\/?page_id=3"},"modified":"2020-05-08T19:54:22","modified_gmt":"2020-05-08T22:54:22","slug":"privacy-policy","status":"publish","type":"page","link":"https:\/\/katiamarabuco.com.br\/consultaonline\/privacy-policy\/","title":{"rendered":"Pol\u00edtica de privacidade"},"content":{"rendered":"<h2 class=\"wp-block-heading\">Quem n\u00f3s somos<\/h2><p>O endere\u00e7o do site \u00e9: https:\/\/katiamarabuco.com.br\/consultaonline.<\/p><h2 class=\"wp-block-heading\">Quais dados pessoais coletamos e por que os coletamos<\/h2><h3 class=\"wp-block-heading\">Coment\u00e1rios<\/h3><p>Quando os visitantes deixam coment\u00e1rios no site, coletamos os dados mostrados no formul\u00e1rio de coment\u00e1rios e tamb\u00e9m o endere\u00e7o IP do visitante e a sequ\u00eancia de agentes do usu\u00e1rio do navegador para ajudar na detec\u00e7\u00e3o de spam.<\/p><p>Uma sequ\u00eancia an\u00f4nima criada a partir do seu endere\u00e7o de email (tamb\u00e9m chamado de hash) pode ser fornecida ao servi\u00e7o Gravatar para verificar se voc\u00ea a est\u00e1 usando.&nbsp;A pol\u00edtica de privacidade do servi\u00e7o Gravatar est\u00e1 dispon\u00edvel aqui: https:\/\/automattic.com\/privacy\/.&nbsp;Ap\u00f3s a aprova\u00e7\u00e3o do seu coment\u00e1rio, sua foto do perfil fica vis\u00edvel ao p\u00fablico no contexto do seu coment\u00e1rio.<\/p><h3 class=\"wp-block-heading\">meios de comunica\u00e7\u00e3o<\/h3><p>Se voc\u00ea enviar imagens para o site, evite enviar imagens com dados de localiza\u00e7\u00e3o incorporados (EXIF GPS) inclu\u00eddos.&nbsp;Os visitantes do site podem baixar e extrair quaisquer dados de localiza\u00e7\u00e3o das imagens no site.<\/p><h3 class=\"wp-block-heading\">Formul\u00e1rios de contato<\/h3><h3 class=\"wp-block-heading\">Cookies<\/h3><p>Se voc\u00ea deixar um coment\u00e1rio em nosso site, poder\u00e1 optar por salvar seu nome, endere\u00e7o de email e site em cookies.&nbsp;Estes s\u00e3o para sua conveni\u00eancia, para que voc\u00ea n\u00e3o precise preencher seus dados novamente quando deixar outro coment\u00e1rio.&nbsp;Esses cookies duram um ano.<\/p><p>Se voc\u00ea visitar nossa p\u00e1gina de login, definiremos um cookie tempor\u00e1rio para determinar se o seu navegador aceita cookies.&nbsp;Este cookie n\u00e3o cont\u00e9m dados pessoais e \u00e9 descartado quando voc\u00ea fecha o navegador.<\/p><p>Quando voc\u00ea faz login, tamb\u00e9m configuraremos v\u00e1rios cookies para salvar suas informa\u00e7\u00f5es de login e suas op\u00e7\u00f5es de exibi\u00e7\u00e3o na tela.&nbsp;Os cookies de login duram dois dias e os cookies de op\u00e7\u00f5es de tela duram um ano.&nbsp;Se voc\u00ea selecionar &#8220;Lembrar de mim&#8221;, seu login persistir\u00e1 por duas semanas.&nbsp;Se voc\u00ea sair da sua conta, os cookies de login ser\u00e3o removidos.<\/p><p>Se voc\u00ea editar ou publicar um artigo, um cookie adicional ser\u00e1 salvo no seu navegador.&nbsp;Este cookie n\u00e3o inclui dados pessoais e simplesmente indica o ID da postagem do artigo que voc\u00ea acabou de editar.&nbsp;Expira ap\u00f3s 1 dia.<\/p><h3 class=\"wp-block-heading\">Conte\u00fado incorporado de outros sites<\/h3><p>Os artigos deste site podem incluir conte\u00fado incorporado (por exemplo, v\u00eddeos, imagens, artigos etc.).&nbsp;O conte\u00fado incorporado de outros sites se comporta exatamente da mesma maneira como se o visitante tivesse visitado o outro site.<\/p><p>Esses sites podem coletar dados sobre voc\u00ea, usar cookies, incorporar rastreamento adicional de terceiros e monitorar sua intera\u00e7\u00e3o com esse conte\u00fado incorporado, incluindo o rastreamento de sua intera\u00e7\u00e3o com o conte\u00fado incorporado, se voc\u00ea tiver uma conta e estiver logado nesse site.<\/p><h3 class=\"wp-block-heading\">Google Analytics<\/h3><h2 class=\"wp-block-heading\">Com quem compartilhamos seus dados<\/h2><h2 class=\"wp-block-heading\">Por quanto tempo retemos seus dados<\/h2><p>Se voc\u00ea deixar um coment\u00e1rio, o coment\u00e1rio e seus metadados ser\u00e3o retidos indefinidamente.&nbsp;Isso \u00e9 para que possamos reconhecer e aprovar quaisquer coment\u00e1rios de acompanhamento automaticamente, em vez de mant\u00ea-los em uma fila de modera\u00e7\u00e3o.<\/p><p>Para os usu\u00e1rios que se registram em nosso site (se houver), tamb\u00e9m armazenamos as informa\u00e7\u00f5es pessoais que eles fornecem em seu perfil de usu\u00e1rio.&nbsp;Todos os usu\u00e1rios podem ver, editar ou excluir suas informa\u00e7\u00f5es pessoais a qualquer momento (exceto que eles n\u00e3o podem alterar seu nome de usu\u00e1rio).&nbsp;Os administradores do site tamb\u00e9m podem ver e editar essas informa\u00e7\u00f5es.<\/p><h2 class=\"wp-block-heading\">Quais direitos voc\u00ea tem sobre seus dados<\/h2><p>Se voc\u00ea possui uma conta neste site ou deixou coment\u00e1rios, pode solicitar um arquivo exportado dos dados pessoais que mantemos sobre voc\u00ea, incluindo todos os dados que voc\u00ea nos forneceu.&nbsp;Voc\u00ea tamb\u00e9m pode solicitar que apagemos todos os dados pessoais que mantemos sobre voc\u00ea.&nbsp;Isso n\u00e3o inclui nenhum dado que somos obrigados a manter para fins administrativos, legais ou de seguran\u00e7a.<\/p><h2 class=\"wp-block-heading\">Para onde enviamos seus dados<\/h2><p>Os coment\u00e1rios dos visitantes podem ser verificados atrav\u00e9s de um servi\u00e7o automatizado de detec\u00e7\u00e3o de spam.<\/p><h2 class=\"wp-block-heading\">Sua informa\u00e7\u00e3o de contato<\/h2><h2 class=\"wp-block-heading\">Informa\u00e7\u00e3o adicional<\/h2><h3 class=\"wp-block-heading\">Como protegemos seus dados<\/h3><h3 class=\"wp-block-heading\">Que procedimentos de viola\u00e7\u00e3o de dados temos em vigor<\/h3><h3 class=\"wp-block-heading\">De que terceiros recebemos dados de<\/h3><h3 class=\"wp-block-heading\">Que tomada de decis\u00e3o e \/ ou cria\u00e7\u00e3o de perfil automatizada fazemos com dados do usu\u00e1rio<\/h3><h3 class=\"wp-block-heading\">Requisitos de divulga\u00e7\u00e3o regulamentar da ind\u00fastria<\/h3>","protected":false},"excerpt":{"rendered":"<p>Quem n\u00f3s somos O endere\u00e7o do site \u00e9: https:\/\/katiamarabuco.com.br\/consultaonline. Quais dados pessoais coletamos e por que os coletamos Coment\u00e1rios Quando os visitantes deixam coment\u00e1rios no site, coletamos os dados mostrados no formul\u00e1rio de coment\u00e1rios e tamb\u00e9m o endere\u00e7o IP do visitante e a sequ\u00eancia de agentes do usu\u00e1rio do navegador para ajudar na detec\u00e7\u00e3o de&hellip;&nbsp;<a href=\"https:\/\/katiamarabuco.com.br\/consultaonline\/privacy-policy\/\" class=\"\" rel=\"bookmark\">Continue a ler &raquo;<span class=\"screen-reader-text\">Pol\u00edtica de privacidade<\/span><\/a><\/p>\n","protected":false},"author":1,"featured_media":0,"parent":0,"menu_order":0,"comment_status":"closed","ping_status":"open","template":"","meta":{"footnotes":""},"class_list":["post-3","page","type-page","status-publish","hentry"],"jetpack_sharing_enabled":true,"_links":{"self":[{"href":"https:\/\/katiamarabuco.com.br\/consultaonline\/wp-json\/wp\/v2\/pages\/3","targetHints":{"allow":["GET"]}}],"collection":[{"href":"https:\/\/katiamarabuco.com.br\/consultaonline\/wp-json\/wp\/v2\/pages"}],"about":[{"href":"https:\/\/katiamarabuco.com.br\/consultaonline\/wp-json\/wp\/v2\/types\/page"}],"author":[{"embeddable":true,"href":"https:\/\/katiamarabuco.com.br\/consultaonline\/wp-json\/wp\/v2\/users\/1"}],"replies":[{"embeddable":true,"href":"https:\/\/katiamarabuco.com.br\/consultaonline\/wp-json\/wp\/v2\/comments?post=3"}],"version-history":[{"count":2,"href":"https:\/\/katiamarabuco.com.br\/consultaonline\/wp-json\/wp\/v2\/pages\/3\/revisions"}],"predecessor-version":[{"id":269,"href":"https:\/\/katiamarabuco.com.br\/consultaonline\/wp-json\/wp\/v2\/pages\/3\/revisions\/269"}],"wp:attachment":[{"href":"https:\/\/katiamarabuco.com.br\/consultaonline\/wp-json\/wp\/v2\/media?parent=3"}],"curies":[{"name":"wp","href":"https:\/\/api.w.org\/{rel}","templated":true}]}}