{"id":161,"date":"2020-05-02T19:24:32","date_gmt":"2020-05-02T19:24:32","guid":{"rendered":"https:\/\/katiamarabuco.com.br\/consultaonline\/?post_type=product&#038;p=161"},"modified":"2025-06-11T03:59:18","modified_gmt":"2025-06-11T06:59:18","slug":"unimed","status":"publish","type":"product","link":"https:\/\/katiamarabuco.com.br\/consultaonline\/produto\/unimed\/","title":{"rendered":"Unimed"},"content":{"rendered":"<h3>ETAPA 2. PAGAMENTO DA CONSULTA<\/h3>\n<p>Dias: ter\u00e7a e quinta<\/p>\n<p>Hor\u00e1rios: 9h as 11h<\/p>\n<p>Dura\u00e7\u00e3o: 30 minutos<\/p>\n<p>Retorno: sim<\/p>\n<p>Escopo: avalia\u00e7\u00e3o cl\u00ednica sem exame f\u00edsico, solicita\u00e7\u00e3o de exames, avalia\u00e7\u00e3o e diagn\u00f3stico com encaminhamento e conduta.<\/p>\n<p>\u00c9 obrigat\u00f3rio o envio de foto do RG e cart\u00e3o do benefici\u00e1rio para autoriza\u00e7\u00e3o pelo conv\u00eanio: Minha conta &gt; enviar documentos.<\/p>\n<p>Sujeito a disponibilidade da agenda.<\/p>\n","protected":false},"excerpt":{"rendered":"<p>ETAPA 2. PAGAMENTO DA CONSULTA Dias: ter\u00e7a e quinta Hor\u00e1rios: 9h as 11h Dura\u00e7\u00e3o: 30 minutos Retorno: sim Escopo: avalia\u00e7\u00e3o cl\u00ednica sem exame f\u00edsico, solicita\u00e7\u00e3o de exames, avalia\u00e7\u00e3o e diagn\u00f3stico com encaminhamento e conduta. \u00c9 obrigat\u00f3rio o envio de foto do RG e cart\u00e3o do benefici\u00e1rio para autoriza\u00e7\u00e3o pelo conv\u00eanio: Minha conta &gt; enviar documentos.&hellip;&nbsp;<a href=\"https:\/\/katiamarabuco.com.br\/consultaonline\/produto\/unimed\/\" class=\"\" rel=\"bookmark\">Continue a ler &raquo;<span class=\"screen-reader-text\">Unimed<\/span><\/a><\/p>\n","protected":false},"featured_media":168,"comment_status":"open","ping_status":"closed","template":"","meta":[],"product_brand":[],"product_cat":[15],"product_tag":[],"class_list":{"0":"post-161","1":"product","2":"type-product","3":"status-publish","4":"has-post-thumbnail","6":"product_cat-sem-categoria","8":"first","9":"instock","10":"virtual","11":"purchasable","12":"product-type-simple"},"jetpack_sharing_enabled":true,"_links":{"self":[{"href":"https:\/\/katiamarabuco.com.br\/consultaonline\/wp-json\/wp\/v2\/product\/161","targetHints":{"allow":["GET"]}}],"collection":[{"href":"https:\/\/katiamarabuco.com.br\/consultaonline\/wp-json\/wp\/v2\/product"}],"about":[{"href":"https:\/\/katiamarabuco.com.br\/consultaonline\/wp-json\/wp\/v2\/types\/product"}],"replies":[{"embeddable":true,"href":"https:\/\/katiamarabuco.com.br\/consultaonline\/wp-json\/wp\/v2\/comments?post=161"}],"wp:featuredmedia":[{"embeddable":true,"href":"https:\/\/katiamarabuco.com.br\/consultaonline\/wp-json\/wp\/v2\/media\/168"}],"wp:attachment":[{"href":"https:\/\/katiamarabuco.com.br\/consultaonline\/wp-json\/wp\/v2\/media?parent=161"}],"wp:term":[{"taxonomy":"product_brand","embeddable":true,"href":"https:\/\/katiamarabuco.com.br\/consultaonline\/wp-json\/wp\/v2\/product_brand?post=161"},{"taxonomy":"product_cat","embeddable":true,"href":"https:\/\/katiamarabuco.com.br\/consultaonline\/wp-json\/wp\/v2\/product_cat?post=161"},{"taxonomy":"product_tag","embeddable":true,"href":"https:\/\/katiamarabuco.com.br\/consultaonline\/wp-json\/wp\/v2\/product_tag?post=161"}],"curies":[{"name":"wp","href":"https:\/\/api.w.org\/{rel}","templated":true}]}}