{"id":162,"date":"2020-05-02T19:25:39","date_gmt":"2020-05-02T19:25:39","guid":{"rendered":"https:\/\/katiamarabuco.com.br\/consultaonline\/?post_type=product&#038;p=162"},"modified":"2021-06-27T18:53:25","modified_gmt":"2021-06-27T21:53:25","slug":"particular","status":"publish","type":"product","link":"https:\/\/katiamarabuco.com.br\/consultaonline\/produto\/particular\/","title":{"rendered":"Particular"},"content":{"rendered":"<p>Dias: segunda, ter\u00e7a, quarta e quinta<\/p>\n<p>Hor\u00e1rios: 15h as 18h<\/p>\n<p>Dura\u00e7\u00e3o: 30 a 60 minutos<\/p>\n<p>Retorno: sim<\/p>\n<p>Escopo: avalia\u00e7\u00e3o cl\u00ednica sem exame f\u00edsico, solicita\u00e7\u00e3o de exames, avalia\u00e7\u00e3o e diagn\u00f3stico com encaminhamento e conduta.<\/p>\n<p>Sujeito a disponibilidade da agenda.<\/p>\n","protected":false},"excerpt":{"rendered":"<p>Dias: segunda, ter\u00e7a, quarta e quinta Hor\u00e1rios: 15h as 18h Dura\u00e7\u00e3o: 30 a 60 minutos Retorno: sim Escopo: avalia\u00e7\u00e3o cl\u00ednica sem exame f\u00edsico, solicita\u00e7\u00e3o de exames, avalia\u00e7\u00e3o e diagn\u00f3stico com encaminhamento e conduta. Sujeito a disponibilidade da agenda.<\/p>\n","protected":false},"featured_media":175,"comment_status":"open","ping_status":"closed","template":"","meta":[],"product_brand":[],"product_cat":[15],"product_tag":[],"class_list":{"0":"post-162","1":"product","2":"type-product","3":"status-publish","4":"has-post-thumbnail","6":"product_cat-sem-categoria","8":"first","9":"instock","10":"virtual","11":"purchasable","12":"product-type-simple"},"jetpack_sharing_enabled":true,"_links":{"self":[{"href":"https:\/\/katiamarabuco.com.br\/consultaonline\/wp-json\/wp\/v2\/product\/162","targetHints":{"allow":["GET"]}}],"collection":[{"href":"https:\/\/katiamarabuco.com.br\/consultaonline\/wp-json\/wp\/v2\/product"}],"about":[{"href":"https:\/\/katiamarabuco.com.br\/consultaonline\/wp-json\/wp\/v2\/types\/product"}],"replies":[{"embeddable":true,"href":"https:\/\/katiamarabuco.com.br\/consultaonline\/wp-json\/wp\/v2\/comments?post=162"}],"wp:featuredmedia":[{"embeddable":true,"href":"https:\/\/katiamarabuco.com.br\/consultaonline\/wp-json\/wp\/v2\/media\/175"}],"wp:attachment":[{"href":"https:\/\/katiamarabuco.com.br\/consultaonline\/wp-json\/wp\/v2\/media?parent=162"}],"wp:term":[{"taxonomy":"product_brand","embeddable":true,"href":"https:\/\/katiamarabuco.com.br\/consultaonline\/wp-json\/wp\/v2\/product_brand?post=162"},{"taxonomy":"product_cat","embeddable":true,"href":"https:\/\/katiamarabuco.com.br\/consultaonline\/wp-json\/wp\/v2\/product_cat?post=162"},{"taxonomy":"product_tag","embeddable":true,"href":"https:\/\/katiamarabuco.com.br\/consultaonline\/wp-json\/wp\/v2\/product_tag?post=162"}],"curies":[{"name":"wp","href":"https:\/\/api.w.org\/{rel}","templated":true}]}}